{"id":2782,"date":"2023-06-15T11:37:20","date_gmt":"2023-06-15T09:37:20","guid":{"rendered":"https:\/\/www.campinglasorgente.net\/?page_id=2782"},"modified":"2023-06-15T11:37:31","modified_gmt":"2023-06-15T09:37:31","slug":"news","status":"publish","type":"page","link":"https:\/\/www.campinglasorgente.net\/de\/news\/","title":{"rendered":"News"},"content":{"rendered":"<p>[et_pb_section fb_built=&#8220;1&#8243; _builder_version=&#8220;4.8.0&#8243; use_background_color_gradient=&#8220;on&#8220; background_color_gradient_start=&#8220;rgba(51,51,51,0.3)&#8220; background_color_gradient_end=&#8220;rgba(41,196,169,0)&#8220; background_image=&#8220;https:\/\/www.campinglasorgente.net\/wp-content\/uploads\/2021\/06\/news-camping.jpg&#8220; background_blend=&#8220;multiply&#8220; custom_padding=&#8220;50px||400px||false|false&#8220;][et_pb_row _builder_version=&#8220;3.27.3&#8243;][et_pb_column type=&#8220;4_4&#8243; _builder_version=&#8220;3.27.3&#8243;][et_pb_text admin_label=&#8220;IL CAMPING&#8220; _builder_version=&#8220;3.27.4&#8243; header_text_color=&#8220;#4b914b&#8220; header_line_height=&#8220;65px&#8220; custom_margin=&#8220;||10px||false|false&#8220; animation_style=&#8220;slide&#8220; animation_direction=&#8220;left&#8220; header_line_height_tablet=&#8220;40px&#8220; header_line_height_phone=&#8220;&#8220; header_line_height_last_edited=&#8220;on|phone&#8220; z_index_tablet=&#8220;500&#8243; text_text_shadow_horizontal_length_tablet=&#8220;0px&#8220; text_text_shadow_vertical_length_tablet=&#8220;0px&#8220; text_text_shadow_blur_strength_tablet=&#8220;1px&#8220; link_text_shadow_horizontal_length_tablet=&#8220;0px&#8220; link_text_shadow_vertical_length_tablet=&#8220;0px&#8220; link_text_shadow_blur_strength_tablet=&#8220;1px&#8220; ul_text_shadow_horizontal_length_tablet=&#8220;0px&#8220; ul_text_shadow_vertical_length_tablet=&#8220;0px&#8220; ul_text_shadow_blur_strength_tablet=&#8220;1px&#8220; ol_text_shadow_horizontal_length_tablet=&#8220;0px&#8220; ol_text_shadow_vertical_length_tablet=&#8220;0px&#8220; ol_text_shadow_blur_strength_tablet=&#8220;1px&#8220; quote_text_shadow_horizontal_length_tablet=&#8220;0px&#8220; quote_text_shadow_vertical_length_tablet=&#8220;0px&#8220; quote_text_shadow_blur_strength_tablet=&#8220;1px&#8220; header_text_shadow_horizontal_length_tablet=&#8220;0px&#8220; header_text_shadow_vertical_length_tablet=&#8220;0px&#8220; header_text_shadow_blur_strength_tablet=&#8220;1px&#8220; header_2_text_shadow_horizontal_length_tablet=&#8220;0px&#8220; header_2_text_shadow_vertical_length_tablet=&#8220;0px&#8220; header_2_text_shadow_blur_strength_tablet=&#8220;1px&#8220; header_3_text_shadow_horizontal_length_tablet=&#8220;0px&#8220; header_3_text_shadow_vertical_length_tablet=&#8220;0px&#8220; header_3_text_shadow_blur_strength_tablet=&#8220;1px&#8220; header_4_text_shadow_horizontal_length_tablet=&#8220;0px&#8220; header_4_text_shadow_vertical_length_tablet=&#8220;0px&#8220; header_4_text_shadow_blur_strength_tablet=&#8220;1px&#8220; header_5_text_shadow_horizontal_length_tablet=&#8220;0px&#8220; header_5_text_shadow_vertical_length_tablet=&#8220;0px&#8220; header_5_text_shadow_blur_strength_tablet=&#8220;1px&#8220; header_6_text_shadow_horizontal_length_tablet=&#8220;0px&#8220; header_6_text_shadow_vertical_length_tablet=&#8220;0px&#8220; header_6_text_shadow_blur_strength_tablet=&#8220;1px&#8220; box_shadow_horizontal_tablet=&#8220;0px&#8220; box_shadow_vertical_tablet=&#8220;0px&#8220; box_shadow_blur_tablet=&#8220;40px&#8220; box_shadow_spread_tablet=&#8220;0px&#8220;]<\/p>\n<h1><span style=\"color: #ffffff;\">NEWS<br \/><\/span><\/h1>\n<p>[\/et_pb_text][et_pb_text _builder_version=&#8220;4.8.0&#8243; header_3_font=&#8220;||||||||&#8220; header_3_text_color=&#8220;#ffffff&#8220; animation_style=&#8220;fade&#8220; hover_enabled=&#8220;0&#8243; sticky_enabled=&#8220;0&#8243;]<\/p>\n<h3>Resta aggiornato<br \/>\ncon tutte le nostre novit\u00e0<br \/>\ne gli eventi<\/h3>\n<p>[\/et_pb_text][\/et_pb_column][\/et_pb_row][\/et_pb_section][et_pb_section fb_built=&#8220;1&#8243; module_id=&#8220;covid&#8220; _builder_version=&#8220;4.4.7&#8243; custom_padding=&#8220;100px||100px||true|&#8220;][et_pb_row _builder_version=&#8220;4.4.7&#8243; custom_padding=&#8220;0px||0px||true|false&#8220;][et_pb_column type=&#8220;4_4&#8243; _builder_version=&#8220;4.4.7&#8243;][et_pb_text _builder_version=&#8220;4.4.7&#8243; max_width=&#8220;800px&#8220; module_alignment=&#8220;center&#8220;]<\/p>\n<h2 style=\"text-align: center;\"><strong>NEWS &amp; EVENTI<br \/><\/strong><\/h2>\n<p>[\/et_pb_text][et_pb_text _builder_version=&#8220;4.8.0&#8243; max_width=&#8220;800px&#8220; module_alignment=&#8220;center&#8220; hover_enabled=&#8220;0&#8243; sticky_enabled=&#8220;0&#8243;]<\/p>\n<p style=\"text-align: center;\">Scopri tutti gli eventi, manifestazioni e novit\u00e0 che potrai trovare nel nostro campeggio in Val Veny a Courmayeur<\/p>\n<p>[\/et_pb_text][\/et_pb_column][\/et_pb_row][et_pb_row _builder_version=&#8220;4.8.0&#8243; _module_preset=&#8220;default&#8220;][et_pb_column type=&#8220;4_4&#8243; _builder_version=&#8220;4.8.0&#8243; _module_preset=&#8220;default&#8220;][et_pb_blog fullwidth=&#8220;off&#8220; posts_number=&#8220;9&#8243; meta_date=&#8220;j M Y&#8220; excerpt_length=&#8220;120&#8243; show_author=&#8220;off&#8220; show_date=&#8220;off&#8220; show_categories=&#8220;off&#8220; masonry_tile_background_color=&#8220;#f5f5f5&#8243; _builder_version=&#8220;4.8.0&#8243; _module_preset=&#8220;default&#8220; header_level=&#8220;h3&#8243; border_width_all=&#8220;0px&#8220; border_color_all=&#8220;#E02B20&#8243;][\/et_pb_blog][\/et_pb_column][\/et_pb_row][\/et_pb_section][et_pb_section fb_built=&#8220;1&#8243; _builder_version=&#8220;3.26.7&#8243; custom_padding=&#8220;0px||0px|||&#8220; global_module=&#8220;2050&#8243; saved_tabs=&#8220;all&#8220;][et_pb_row _builder_version=&#8220;3.26.7&#8243; background_color=&#8220;#4e9155&#8243; custom_padding=&#8220;50px|25px|50px|25px|true|true&#8220;][et_pb_column type=&#8220;4_4&#8243; _builder_version=&#8220;3.26.7&#8243;][et_pb_text admin_label=&#8220;COSA ASPETTI?&#8220; _builder_version=&#8220;4.4.8&#8243; header_2_text_color=&#8220;#ffffff&#8220; background_enable_color=&#8220;off&#8220; transform_translate_linked=&#8220;off&#8220; module_alignment=&#8220;center&#8220; custom_margin=&#8220;||0px||false|true&#8220; custom_padding=&#8220;|35px||35px|false|true&#8220; z_index_tablet=&#8220;500&#8243; module_alignment_tablet=&#8220;left&#8220; module_alignment_phone=&#8220;&#8220; module_alignment_last_edited=&#8220;on|desktop&#8220; text_text_shadow_horizontal_length_tablet=&#8220;0px&#8220; text_text_shadow_vertical_length_tablet=&#8220;0px&#8220; text_text_shadow_blur_strength_tablet=&#8220;1px&#8220; link_text_shadow_horizontal_length_tablet=&#8220;0px&#8220; link_text_shadow_vertical_length_tablet=&#8220;0px&#8220; link_text_shadow_blur_strength_tablet=&#8220;1px&#8220; ul_text_shadow_horizontal_length_tablet=&#8220;0px&#8220; ul_text_shadow_vertical_length_tablet=&#8220;0px&#8220; ul_text_shadow_blur_strength_tablet=&#8220;1px&#8220; ol_text_shadow_horizontal_length_tablet=&#8220;0px&#8220; ol_text_shadow_vertical_length_tablet=&#8220;0px&#8220; ol_text_shadow_blur_strength_tablet=&#8220;1px&#8220; quote_text_shadow_horizontal_length_tablet=&#8220;0px&#8220; quote_text_shadow_vertical_length_tablet=&#8220;0px&#8220; quote_text_shadow_blur_strength_tablet=&#8220;1px&#8220; header_text_shadow_horizontal_length_tablet=&#8220;0px&#8220; header_text_shadow_vertical_length_tablet=&#8220;0px&#8220; header_text_shadow_blur_strength_tablet=&#8220;1px&#8220; header_2_text_shadow_horizontal_length_tablet=&#8220;0px&#8220; header_2_text_shadow_vertical_length_tablet=&#8220;0px&#8220; header_2_text_shadow_blur_strength_tablet=&#8220;1px&#8220; header_3_text_shadow_horizontal_length_tablet=&#8220;0px&#8220; header_3_text_shadow_vertical_length_tablet=&#8220;0px&#8220; header_3_text_shadow_blur_strength_tablet=&#8220;1px&#8220; header_4_text_shadow_horizontal_length_tablet=&#8220;0px&#8220; header_4_text_shadow_vertical_length_tablet=&#8220;0px&#8220; header_4_text_shadow_blur_strength_tablet=&#8220;1px&#8220; header_5_text_shadow_horizontal_length_tablet=&#8220;0px&#8220; header_5_text_shadow_vertical_length_tablet=&#8220;0px&#8220; header_5_text_shadow_blur_strength_tablet=&#8220;1px&#8220; header_6_text_shadow_horizontal_length_tablet=&#8220;0px&#8220; header_6_text_shadow_vertical_length_tablet=&#8220;0px&#8220; header_6_text_shadow_blur_strength_tablet=&#8220;1px&#8220; box_shadow_horizontal_tablet=&#8220;0px&#8220; box_shadow_vertical_tablet=&#8220;0px&#8220; box_shadow_blur_tablet=&#8220;40px&#8220; box_shadow_spread_tablet=&#8220;0px&#8220; locked=&#8220;off&#8220;]<\/p>\n<h2 style=\"text-align: center;\">COSA ASPETTI?<\/h2>\n<p>[\/et_pb_text][et_pb_text _builder_version=&#8220;4.4.7&#8243; text_text_color=&#8220;#ffffff&#8220; max_width=&#8220;750px&#8220; module_alignment=&#8220;center&#8220; custom_margin=&#8220;||||false|true&#8220; custom_padding=&#8220;|35px||35px|false|true&#8220; z_index_tablet=&#8220;500&#8243; text_text_shadow_horizontal_length_tablet=&#8220;0px&#8220; text_text_shadow_vertical_length_tablet=&#8220;0px&#8220; text_text_shadow_blur_strength_tablet=&#8220;1px&#8220; link_text_shadow_horizontal_length_tablet=&#8220;0px&#8220; link_text_shadow_vertical_length_tablet=&#8220;0px&#8220; link_text_shadow_blur_strength_tablet=&#8220;1px&#8220; ul_text_shadow_horizontal_length_tablet=&#8220;0px&#8220; ul_text_shadow_vertical_length_tablet=&#8220;0px&#8220; ul_text_shadow_blur_strength_tablet=&#8220;1px&#8220; ol_text_shadow_horizontal_length_tablet=&#8220;0px&#8220; ol_text_shadow_vertical_length_tablet=&#8220;0px&#8220; ol_text_shadow_blur_strength_tablet=&#8220;1px&#8220; quote_text_shadow_horizontal_length_tablet=&#8220;0px&#8220; quote_text_shadow_vertical_length_tablet=&#8220;0px&#8220; quote_text_shadow_blur_strength_tablet=&#8220;1px&#8220; header_text_shadow_horizontal_length_tablet=&#8220;0px&#8220; header_text_shadow_vertical_length_tablet=&#8220;0px&#8220; header_text_shadow_blur_strength_tablet=&#8220;1px&#8220; header_2_text_shadow_horizontal_length_tablet=&#8220;0px&#8220; header_2_text_shadow_vertical_length_tablet=&#8220;0px&#8220; header_2_text_shadow_blur_strength_tablet=&#8220;1px&#8220; header_3_text_shadow_horizontal_length_tablet=&#8220;0px&#8220; header_3_text_shadow_vertical_length_tablet=&#8220;0px&#8220; header_3_text_shadow_blur_strength_tablet=&#8220;1px&#8220; header_4_text_shadow_horizontal_length_tablet=&#8220;0px&#8220; header_4_text_shadow_vertical_length_tablet=&#8220;0px&#8220; header_4_text_shadow_blur_strength_tablet=&#8220;1px&#8220; header_5_text_shadow_horizontal_length_tablet=&#8220;0px&#8220; header_5_text_shadow_vertical_length_tablet=&#8220;0px&#8220; header_5_text_shadow_blur_strength_tablet=&#8220;1px&#8220; header_6_text_shadow_horizontal_length_tablet=&#8220;0px&#8220; header_6_text_shadow_vertical_length_tablet=&#8220;0px&#8220; header_6_text_shadow_blur_strength_tablet=&#8220;1px&#8220; box_shadow_horizontal_tablet=&#8220;0px&#8220; box_shadow_vertical_tablet=&#8220;0px&#8220; box_shadow_blur_tablet=&#8220;40px&#8220; box_shadow_spread_tablet=&#8220;0px&#8220; locked=&#8220;off&#8220;]<\/p>\n<p style=\"text-align: center;\">Beeilen Sie sich zu buchen!<br \/>\nKommen Sie und entdecken Sie diesen herrlichen Ort am Fu\u00dfe des majest\u00e4tischen Mont Blanc, umgeben von Natur.<\/p>\n<p>&nbsp;[\/et_pb_text][et_pb_button button_url=&#8220;mailto:info@campinglasorgente.net&#8220; button_text=&#8220;Buchen Sie Ihren Urlaub&#8220; button_alignment=&#8220;center&#8220; _builder_version=&#8220;4.4.8&#8243; custom_button=&#8220;on&#8220; button_text_size=&#8220;18px&#8220; button_text_color=&#8220;#ffffff&#8220; button_bg_color=&#8220;#333333&#8243; button_border_width=&#8220;0px&#8220; button_border_radius=&#8220;100px&#8220; button_use_icon=&#8220;off&#8220; custom_margin=&#8220;30px||||false|false&#8220; button_text_size_tablet=&#8220;&#8220; button_text_size_phone=&#8220;&#8220; button_text_size_last_edited=&#8220;on|desktop&#8220; locked=&#8220;off&#8220; button_bg_color__hover_enabled=&#8220;on&#8220; button_bg_color__hover=&#8220;#ffffff&#8220; button_bg_enable_color__hover=&#8220;on&#8220; button_text_size__hover_enabled=&#8220;on&#8220; button_text_color__hover_enabled=&#8220;on&#8220; button_text_color__hover=&#8220;#333333&#8243;][\/et_pb_button][\/et_pb_column][\/et_pb_row][\/et_pb_section]<\/p>\n","protected":false},"excerpt":{"rendered":"<p>NEWSResta aggiornato con tutte le nostre novit\u00e0 e gli eventiNEWS &amp; EVENTIScopri tutti gli eventi, manifestazioni e novit\u00e0 che potrai trovare nel nostro campeggio in Val Veny a CourmayeurCOSA ASPETTI?Beeilen Sie sich zu buchen! Kommen Sie und entdecken Sie diesen herrlichen Ort am Fu\u00dfe des majest\u00e4tischen Mont Blanc, umgeben von Natur. &nbsp;<\/p>\n","protected":false},"author":1,"featured_media":0,"parent":0,"menu_order":0,"comment_status":"closed","ping_status":"closed","template":"","meta":{"_et_pb_use_builder":"on","_et_pb_old_content":"","_et_gb_content_width":"","footnotes":""},"class_list":["post-2782","page","type-page","status-publish","hentry"],"yoast_head":"<!-- This site is optimized with the Yoast SEO plugin v27.6 - https:\/\/yoast.com\/product\/yoast-seo-wordpress\/ -->\n<title>Campingplatz Monte Bianco La Sorgente - Am Fu\u00dfe des Mont Blanc<\/title>\n<meta name=\"description\" content=\"Der Campingplatz liegt am Fu\u00dfe des Mont Blanc im gr\u00fcnen Val Veny, 5 km von Courmayeur entfernt, der Welthauptstadt des Skibergsteigens.\" \/>\n<meta name=\"robots\" content=\"index, follow, max-snippet:-1, max-image-preview:large, max-video-preview:-1\" \/>\n<link rel=\"canonical\" href=\"https:\/\/www.campinglasorgente.net\/de\/news\/\" \/>\n<meta property=\"og:locale\" content=\"de_DE\" \/>\n<meta property=\"og:type\" content=\"article\" \/>\n<meta property=\"og:title\" content=\"Campingplatz Monte Bianco La Sorgente - Am Fu\u00dfe des Mont Blanc\" \/>\n<meta property=\"og:description\" content=\"Der Campingplatz liegt am Fu\u00dfe des Mont Blanc im gr\u00fcnen Val Veny, 5 km von Courmayeur entfernt, der Welthauptstadt des Skibergsteigens.\" \/>\n<meta property=\"og:url\" content=\"https:\/\/www.campinglasorgente.net\/de\/news\/\" \/>\n<meta property=\"og:site_name\" content=\"Camping La Sorgente\" \/>\n<meta property=\"article:modified_time\" content=\"2023-06-15T09:37:31+00:00\" \/>\n<meta name=\"twitter:card\" content=\"summary_large_image\" \/>\n<meta name=\"twitter:label1\" content=\"Gesch\u00e4tzte Lesezeit\" \/>\n\t<meta name=\"twitter:data1\" content=\"7\u00a0Minuten\" \/>\n<script type=\"application\/ld+json\" class=\"yoast-schema-graph\">{\"@context\":\"https:\\\/\\\/schema.org\",\"@graph\":[{\"@type\":\"WebPage\",\"@id\":\"https:\\\/\\\/www.campinglasorgente.net\\\/de\\\/news\\\/\",\"url\":\"https:\\\/\\\/www.campinglasorgente.net\\\/de\\\/news\\\/\",\"name\":\"Campingplatz Monte Bianco La Sorgente - Am Fu\u00dfe des Mont Blanc\",\"isPartOf\":{\"@id\":\"https:\\\/\\\/www.campinglasorgente.net\\\/de\\\/#website\"},\"datePublished\":\"2023-06-15T09:37:20+00:00\",\"dateModified\":\"2023-06-15T09:37:31+00:00\",\"description\":\"Der Campingplatz liegt am Fu\u00dfe des Mont Blanc im gr\u00fcnen Val Veny, 5 km von Courmayeur entfernt, der Welthauptstadt des Skibergsteigens.\",\"breadcrumb\":{\"@id\":\"https:\\\/\\\/www.campinglasorgente.net\\\/de\\\/news\\\/#breadcrumb\"},\"inLanguage\":\"de\",\"potentialAction\":[{\"@type\":\"ReadAction\",\"target\":[\"https:\\\/\\\/www.campinglasorgente.net\\\/de\\\/news\\\/\"]}]},{\"@type\":\"BreadcrumbList\",\"@id\":\"https:\\\/\\\/www.campinglasorgente.net\\\/de\\\/news\\\/#breadcrumb\",\"itemListElement\":[{\"@type\":\"ListItem\",\"position\":1,\"name\":\"Home\",\"item\":\"https:\\\/\\\/www.campinglasorgente.net\\\/de\\\/\"},{\"@type\":\"ListItem\",\"position\":2,\"name\":\"News\"}]},{\"@type\":\"WebSite\",\"@id\":\"https:\\\/\\\/www.campinglasorgente.net\\\/de\\\/#website\",\"url\":\"https:\\\/\\\/www.campinglasorgente.net\\\/de\\\/\",\"name\":\"Camping La Sorgente\",\"description\":\"CAMPING MONTE BIANCO La Sorgente COURMAYEUR, VAL VENY, PEUTEREY\",\"potentialAction\":[{\"@type\":\"SearchAction\",\"target\":{\"@type\":\"EntryPoint\",\"urlTemplate\":\"https:\\\/\\\/www.campinglasorgente.net\\\/de\\\/?s={search_term_string}\"},\"query-input\":{\"@type\":\"PropertyValueSpecification\",\"valueRequired\":true,\"valueName\":\"search_term_string\"}}],\"inLanguage\":\"de\"}]}<\/script>\n<!-- \/ Yoast SEO plugin. -->","yoast_head_json":{"title":"Campingplatz Monte Bianco La Sorgente - Am Fu\u00dfe des Mont Blanc","description":"Der Campingplatz liegt am Fu\u00dfe des Mont Blanc im gr\u00fcnen Val Veny, 5 km von Courmayeur entfernt, der Welthauptstadt des Skibergsteigens.","robots":{"index":"index","follow":"follow","max-snippet":"max-snippet:-1","max-image-preview":"max-image-preview:large","max-video-preview":"max-video-preview:-1"},"canonical":"https:\/\/www.campinglasorgente.net\/de\/news\/","og_locale":"de_DE","og_type":"article","og_title":"Campingplatz Monte Bianco La Sorgente - Am Fu\u00dfe des Mont Blanc","og_description":"Der Campingplatz liegt am Fu\u00dfe des Mont Blanc im gr\u00fcnen Val Veny, 5 km von Courmayeur entfernt, der Welthauptstadt des Skibergsteigens.","og_url":"https:\/\/www.campinglasorgente.net\/de\/news\/","og_site_name":"Camping La Sorgente","article_modified_time":"2023-06-15T09:37:31+00:00","twitter_card":"summary_large_image","twitter_misc":{"Gesch\u00e4tzte Lesezeit":"7\u00a0Minuten"},"schema":{"@context":"https:\/\/schema.org","@graph":[{"@type":"WebPage","@id":"https:\/\/www.campinglasorgente.net\/de\/news\/","url":"https:\/\/www.campinglasorgente.net\/de\/news\/","name":"Campingplatz Monte Bianco La Sorgente - Am Fu\u00dfe des Mont Blanc","isPartOf":{"@id":"https:\/\/www.campinglasorgente.net\/de\/#website"},"datePublished":"2023-06-15T09:37:20+00:00","dateModified":"2023-06-15T09:37:31+00:00","description":"Der Campingplatz liegt am Fu\u00dfe des Mont Blanc im gr\u00fcnen Val Veny, 5 km von Courmayeur entfernt, der Welthauptstadt des Skibergsteigens.","breadcrumb":{"@id":"https:\/\/www.campinglasorgente.net\/de\/news\/#breadcrumb"},"inLanguage":"de","potentialAction":[{"@type":"ReadAction","target":["https:\/\/www.campinglasorgente.net\/de\/news\/"]}]},{"@type":"BreadcrumbList","@id":"https:\/\/www.campinglasorgente.net\/de\/news\/#breadcrumb","itemListElement":[{"@type":"ListItem","position":1,"name":"Home","item":"https:\/\/www.campinglasorgente.net\/de\/"},{"@type":"ListItem","position":2,"name":"News"}]},{"@type":"WebSite","@id":"https:\/\/www.campinglasorgente.net\/de\/#website","url":"https:\/\/www.campinglasorgente.net\/de\/","name":"Camping La Sorgente","description":"CAMPING MONTE BIANCO La Sorgente COURMAYEUR, VAL VENY, PEUTEREY","potentialAction":[{"@type":"SearchAction","target":{"@type":"EntryPoint","urlTemplate":"https:\/\/www.campinglasorgente.net\/de\/?s={search_term_string}"},"query-input":{"@type":"PropertyValueSpecification","valueRequired":true,"valueName":"search_term_string"}}],"inLanguage":"de"}]}},"_links":{"self":[{"href":"https:\/\/www.campinglasorgente.net\/de\/wp-json\/wp\/v2\/pages\/2782","targetHints":{"allow":["GET"]}}],"collection":[{"href":"https:\/\/www.campinglasorgente.net\/de\/wp-json\/wp\/v2\/pages"}],"about":[{"href":"https:\/\/www.campinglasorgente.net\/de\/wp-json\/wp\/v2\/types\/page"}],"author":[{"embeddable":true,"href":"https:\/\/www.campinglasorgente.net\/de\/wp-json\/wp\/v2\/users\/1"}],"replies":[{"embeddable":true,"href":"https:\/\/www.campinglasorgente.net\/de\/wp-json\/wp\/v2\/comments?post=2782"}],"version-history":[{"count":6,"href":"https:\/\/www.campinglasorgente.net\/de\/wp-json\/wp\/v2\/pages\/2782\/revisions"}],"predecessor-version":[{"id":4807,"href":"https:\/\/www.campinglasorgente.net\/de\/wp-json\/wp\/v2\/pages\/2782\/revisions\/4807"}],"wp:attachment":[{"href":"https:\/\/www.campinglasorgente.net\/de\/wp-json\/wp\/v2\/media?parent=2782"}],"curies":[{"name":"wp","href":"https:\/\/api.w.org\/{rel}","templated":true}]}}